{"id":800,"date":"2018-05-22T21:29:10","date_gmt":"2018-05-22T19:29:10","guid":{"rendered":"http:\/\/dr-poschusta.at\/wp\/?page_id=800"},"modified":"2018-05-22T21:38:12","modified_gmt":"2018-05-22T19:38:12","slug":"impressum","status":"publish","type":"page","link":"https:\/\/dr-poschusta.at\/wp\/wilkommen\/impressum\/","title":{"rendered":"Impressum"},"content":{"rendered":"<h1 class=\"art-postheader\">Impressum<\/h1>\n<p>Ordination Dr. Peter Poschusta<\/p>\n<p>Ziegeleistra\u00dfe 74\/1\/4<br \/>\n4020 Linz<br \/>\nTelefon:+43 732 657126<br \/>\nFax: +43 732 6571263<br \/>\nwebsite: www.dr-poschusta.at<br \/>\nemail: ordination(at)dr-poschusta.at<\/p>\n<div class=\"art-postcontent\">\n<p>Kammerzugeh\u00f6rigkeit: \u00c4rztekammer f\u00fcr Ober\u00f6sterreich<\/p>\n<p>Webdesign, Fotografien (sofern nicht anders erw\u00e4hnt): Dr. Peter Poschusta, ChillAG und Atelier Feinsinn<\/p>\n<p>S\u00e4mtliche Inhalte, das Layout, allf\u00e4llige Ton- und Videosequenzen sind urheberrechtlich gesch\u00fctzt. Alle Rechte daran bleiben dem Rechteinhaber vorbehalten. \u00c4nderungen d\u00fcrfen nicht vorgenommen werden.<\/p>\n<p>Eine \u00f6ffentliche Verwendung der Informationen darf nur mit unserer Zustimmung und unter Nennung der Quelle erfolgen.<br \/>\nDer Nutzung von im Rahmen der Impressumspflicht ver\u00f6ffentlichten Kontaktdaten durch Dritte zur \u00dcbersendung von nicht ausdr\u00fccklich angeforderter Werbung und Informationsmaterialien wird hiermit ausdr\u00fccklich widersprochen. Der Betreiber der Seiten beh\u00e4lt sich ausdr\u00fccklich rechtliche Schritte im Falle der unverlangten Zusendung von Werbeinformationen vor.<\/p>\n<p>Neutralit\u00e4t<\/p>\n<p>Auf die Hinzuf\u00fcgung der jeweiligen weiblichen Formulierungen wurde bei geschlechtsspezifischen Hinweisen im Sinne der fl\u00fcssigen Lesbarkeit in Flie\u00dftexten teilweise verzichtet. Alle personalen Begriffe sind sinngem\u00e4\u00df geschlechtsneutral, also weiblich und m\u00e4nnlich, zu lesen.<\/p>\n<\/div>\n","protected":false},"excerpt":{"rendered":"<p>Impressum Ordination Dr. Peter Poschusta Ziegeleistra\u00dfe 74\/1\/4 4020 Linz Telefon:+43 732 657126 Fax: +43 732 6571263 website: www.dr-poschusta.at email: ordination(at)dr-poschusta.at <span class=\"ellipsis\">&hellip;<\/span> <span class=\"more-link-wrap\"><a href=\"https:\/\/dr-poschusta.at\/wp\/wilkommen\/impressum\/\" class=\"more-link\"><span>Read More &rarr;<\/span><\/a><\/span><\/p>\n","protected":false},"author":1,"featured_media":0,"parent":13,"menu_order":0,"comment_status":"closed","ping_status":"closed","template":"","meta":{"footnotes":""},"class_list":["post-800","page","type-page","status-publish","hentry"],"_links":{"self":[{"href":"https:\/\/dr-poschusta.at\/wp\/wp-json\/wp\/v2\/pages\/800","targetHints":{"allow":["GET"]}}],"collection":[{"href":"https:\/\/dr-poschusta.at\/wp\/wp-json\/wp\/v2\/pages"}],"about":[{"href":"https:\/\/dr-poschusta.at\/wp\/wp-json\/wp\/v2\/types\/page"}],"author":[{"embeddable":true,"href":"https:\/\/dr-poschusta.at\/wp\/wp-json\/wp\/v2\/users\/1"}],"replies":[{"embeddable":true,"href":"https:\/\/dr-poschusta.at\/wp\/wp-json\/wp\/v2\/comments?post=800"}],"version-history":[{"count":4,"href":"https:\/\/dr-poschusta.at\/wp\/wp-json\/wp\/v2\/pages\/800\/revisions"}],"predecessor-version":[{"id":808,"href":"https:\/\/dr-poschusta.at\/wp\/wp-json\/wp\/v2\/pages\/800\/revisions\/808"}],"up":[{"embeddable":true,"href":"https:\/\/dr-poschusta.at\/wp\/wp-json\/wp\/v2\/pages\/13"}],"wp:attachment":[{"href":"https:\/\/dr-poschusta.at\/wp\/wp-json\/wp\/v2\/media?parent=800"}],"curies":[{"name":"wp","href":"https:\/\/api.w.org\/{rel}","templated":true}]}}