{"id":273,"date":"2014-08-17T22:17:00","date_gmt":"2014-08-17T20:17:00","guid":{"rendered":"http:\/\/dr-poschusta.at\/wp\/?page_id=273"},"modified":"2023-01-03T11:49:49","modified_gmt":"2023-01-03T09:49:49","slug":"vita","status":"publish","type":"page","link":"https:\/\/dr-poschusta.at\/wp\/team\/vita\/","title":{"rendered":"Vita"},"content":{"rendered":"<p><strong>Zur Person<\/strong><\/p>\n<ul>\n<li>geboren 1974, wohnhaft in Wilhering<\/li>\n<li>Studium der M<span style=\"line-height: 1.5em;\">edizin an der Universit\u00e4t Wien<\/span><\/li>\n<li>Ausbildung zum Arzt f\u00fcr Allgemeinmedizin: AKH Wels, Lehrpraxis Dr. Albert Reischenb\u00f6ck, Landesfrauenklinik Linz, Landesnervenklinik Linz und Landeskinderklinik Linz<\/li>\n<li>Assistenzarzt an der Unfallchirurgie im UKH Linz<\/li>\n<li>Notarzt beim NEF 3 Linz<\/li>\n<li>sportmedizinische Betreuung Damenbundesliga Union Kleinm\u00fcnchen<\/li>\n<li><span style=\"line-height: 1.5em;\">Arzt in der chef\u00e4rztlichen Station \u2013 AUVA Landesstelle Linz<\/span><\/li>\n<li>Ausbildung zum Facharzt f\u00fcr Arbeitsmedizin im betriebsmedizinischen Zentrum, voestalpine am Standort Linz<\/li>\n<li><span style=\"line-height: 1.5em;\">Arzt f\u00fcr Arbeitsmedizin, Ambulanzarzt und Notarzt,\u00a0<\/span>voestalpine am Standort Linz<\/li>\n<li>06\/2013 &#8211; 11\/2015 selbstst\u00e4ndiger Facharzt f\u00fcr Arbeitsmedizin bei AUVAsicher<\/li>\n<li>02\/2014 &#8211; 12\/2014 Niederlassung als Wahlarzt f\u00fcr Allgemeinmedizin und Facharzt f\u00fcr Arbeitsmedizin in Wilhering und Sankt Valentin<\/li>\n<li>01\/2015 &#8211; 03\/2015 Kassenarzt in der\u00a0Dr. Aschauer Dr. Poschusta Gruppenpraxis f\u00fcr Allgemeinmedizin OG<\/li>\n<li>04\/2015 Kassenarzt f\u00fcr Allgemeinmedizin und Facharzt f\u00fcr Arbeitsmedizin in Linz<\/li>\n<\/ul>\n<p><strong>Zusatzqualifikationen<\/strong><\/p>\n<ul>\n<li>Diplom f\u00fcr Notfallmedizin\u00a0der \u00d6\u00c4K<\/li>\n<li>Diplom f\u00fcr Psychosoziale Medizin\u00a0der \u00d6\u00c4K<\/li>\n<li>Fortbildungsdiplom der \u00d6\u00c4K<\/li>\n<li>Diplom f\u00fcr Sportmedizin\u00a0bei der \u00d6\u00c4K<\/li>\n<li>Diplom f\u00fcr Arbeitsmedizin\u00a0der \u00d6\u00c4K<\/li>\n<li>Diplom f\u00fcr Palliativmedizin der \u00d6\u00c4K<\/li>\n<li><span style=\"line-height: 1.5em;\">Diplom der \u00d6\u00c4K f\u00fcr komplement\u00e4re Manuelle Medizin<\/span><span style=\"line-height: 1.5em;\">\u00a0bei der \u00f6sterr.\u00a0 Arbeitsgemeinschaft f\u00fcr manuelle Medizin nach Dr. Karl Sell<\/span><\/li>\n<li>Atlastherapie nach Arlen (\u00c4MKA)<\/li>\n<li>Manuelle Medizin bei Kindern (\u00c4MKA, DGMM-MWE)<\/li>\n<li>Schmerztherapieausbildung\u00a0nach Liebscher und Bracht<\/li>\n<li>seit 05\/2014 Ausbildung nach dem\u00a0Fasciendistorsionsmodell nach Typaldos<\/li>\n<li>Tauchtauglichkeitsuntersuchungen\u00a0nach \u00d6GTH\/GT\u00dcM<\/li>\n<li><span style=\"line-height: 1.5em;\">F\u00fchrungskr\u00e4ftee<\/span>ntwicklungsprogramm<span style=\"line-height: 1.5em;\">\u00a0der voestalpine Steel Division,<\/span><span style=\"line-height: 1.5em;\">\u00a0inkl.\u00a0<\/span>Projektleitung\u00a0des Projekts: Evaluierung psychischer Fehlbelastungen am Arbeitsplatz (Vorprojekt zur Umsetzung am Standort Linz, voestalpine Steel Division)<\/li>\n<li>Grundlagen der Arbeitspsychologie\u00a0f\u00fcr Arbeitsmediziner Donauuniversit\u00e4t Krems<\/li>\n<li>Mitglied der \u00d6sterreichischen Gesellschaft f\u00fcr Arbeitsmedizin (\u00d6GA)<\/li>\n<li>Mitglied der \u00d6sterreichischen Arbeitsgemeinschaft f\u00fcr manuelle Medizin, Graz (\u00d6AMM)<\/li>\n<\/ul>\n","protected":false},"excerpt":{"rendered":"<p>Zur Person geboren 1974, wohnhaft in Wilhering Studium der Medizin an der Universit\u00e4t Wien Ausbildung zum Arzt f\u00fcr Allgemeinmedizin: AKH <span class=\"ellipsis\">&hellip;<\/span> <span class=\"more-link-wrap\"><a href=\"https:\/\/dr-poschusta.at\/wp\/team\/vita\/\" class=\"more-link\"><span>Read More &rarr;<\/span><\/a><\/span><\/p>\n","protected":false},"author":2,"featured_media":0,"parent":407,"menu_order":70,"comment_status":"closed","ping_status":"closed","template":"","meta":{"footnotes":""},"class_list":["post-273","page","type-page","status-publish","hentry"],"_links":{"self":[{"href":"https:\/\/dr-poschusta.at\/wp\/wp-json\/wp\/v2\/pages\/273","targetHints":{"allow":["GET"]}}],"collection":[{"href":"https:\/\/dr-poschusta.at\/wp\/wp-json\/wp\/v2\/pages"}],"about":[{"href":"https:\/\/dr-poschusta.at\/wp\/wp-json\/wp\/v2\/types\/page"}],"author":[{"embeddable":true,"href":"https:\/\/dr-poschusta.at\/wp\/wp-json\/wp\/v2\/users\/2"}],"replies":[{"embeddable":true,"href":"https:\/\/dr-poschusta.at\/wp\/wp-json\/wp\/v2\/comments?post=273"}],"version-history":[{"count":15,"href":"https:\/\/dr-poschusta.at\/wp\/wp-json\/wp\/v2\/pages\/273\/revisions"}],"predecessor-version":[{"id":1302,"href":"https:\/\/dr-poschusta.at\/wp\/wp-json\/wp\/v2\/pages\/273\/revisions\/1302"}],"up":[{"embeddable":true,"href":"https:\/\/dr-poschusta.at\/wp\/wp-json\/wp\/v2\/pages\/407"}],"wp:attachment":[{"href":"https:\/\/dr-poschusta.at\/wp\/wp-json\/wp\/v2\/media?parent=273"}],"curies":[{"name":"wp","href":"https:\/\/api.w.org\/{rel}","templated":true}]}}